{"id":829,"date":"2026-01-14T14:00:04","date_gmt":"2026-01-14T14:00:04","guid":{"rendered":"https:\/\/chikeewun.com\/?page_id=829"},"modified":"2026-01-15T06:44:59","modified_gmt":"2026-01-15T06:44:59","slug":"home-2","status":"publish","type":"page","link":"https:\/\/chikeewun.com\/es\/","title":{"rendered":"Home 2"},"content":{"rendered":"<div class=\"wpb-content-wrapper\"><p>[vc_section full_width=\u00bbstretch_row\u00bb el_class=\u00bbh_hero\u00bb][vc_row full_width=\u00bbstretch_row\u00bb el_class=\u00bbh_hero_title\u00bb][vc_column][vc_custom_heading text=\u00bb{lang en_US} Modern<br \/>\nChinese cuisine<br \/>\n&amp; cocktails<br \/>\nserved in an<br \/>\nintimate garden {\/lang}{lang es_ES} Cocina<br \/>\nchina moderna<br \/>\ny c\u00f3cteles<br \/>\nservidos en un<br \/>\njard\u00edn \u00edntimo {\/lang}\u00bb font_container=\u00bbtag:h1|text_align:left\u00bb use_theme_fonts=\u00bbyes\u00bb css=\u00bb\u00bb el_class=\u00bbone\u00bb][vc_btn title=\u00bbBookings\u00bb css=\u00bb.vc_custom_1747223680302{margin-bottom: 0px !important;}\u00bb title_es_es=\u00bbReservas\u00bb link_es_es=\u00bburl:https%3A%2F%2Fwww.covermanager.com%2Freservation%2Fmodule_restaurant%2Frestaurante-chikeewun%2Fspanish|target:_blank\u00bb el_class=\u00bbtbtn\u00bb link=\u00bburl:https%3A%2F%2Fchikeewun.com%2Fen%2Fbookings%2F|title:Bookings|target:_blank\u00bb][\/vc_column][\/vc_row][vc_row full_width=\u00bbstretch_row\u00bb el_class=\u00bbh_hero_main\u00bb][vc_column][vc_column_text css=\u00bb.vc_custom_1739967850424{margin-bottom: 0px !important;}\u00bb]\n    <div class=\"home-slider owl-carousel\">\n                            <div class=\"item\">\n                        <img decoding=\"async\" src=\"https:\/\/chikeewun.com\/wp-content\/uploads\/2025\/02\/venue-1b.jpg\"\/>\n                    <\/div>\n                                        <div class=\"item\">\n                        <img decoding=\"async\" src=\"https:\/\/chikeewun.com\/wp-content\/uploads\/2025\/02\/venue-2d.jpg\"\/>\n                    <\/div>\n                                        <div class=\"item\">\n                        <img decoding=\"async\" src=\"https:\/\/chikeewun.com\/wp-content\/uploads\/2025\/02\/venue-3b.jpg\"\/>\n                    <\/div>\n                                        <div class=\"item\">\n                        <img decoding=\"async\" src=\"https:\/\/chikeewun.com\/wp-content\/uploads\/2025\/02\/venue-4b.jpg\"\/>\n                    <\/div>\n                                        <div class=\"item\">\n                        <img decoding=\"async\" src=\"https:\/\/chikeewun.com\/wp-content\/uploads\/2025\/02\/venue-5b.jpg\"\/>\n                    <\/div>\n                        <\/div>\n\n    \n    [\/vc_column_text][\/vc_column][\/vc_row][\/vc_section][vc_section full_width=\u00bbstretch_row\u00bb el_class=\u00bbh_introduction\u00bb css=\u00bb.vc_custom_1740133853023{padding-top: 90px !important;padding-bottom: 110px !important;}\u00bb el_id=\u00bbintroduction\u00bb][vc_row full_width=\u00bbstretch_row_content_no_spaces\u00bb el_class=\u00bbh_introduction_inner\u00bb][vc_column][vc_custom_heading text=\u00bb{lang en_US} An<br \/>\nIntroduction {\/lang}{lang es_ES} Una<br \/>\nIntroducci\u00f3n {\/lang}\u00bb use_theme_fonts=\u00bbyes\u00bb css=\u00bb\u00bb el_class=\u00bbh_introduction_title one\u00bb][vc_row_inner el_class=\u00bbh_introduction_m\u00bb][vc_column_inner width=\u00bb1\/2&#8243;][vc_column_text css=\u00bb.vc_custom_1740377370502{margin-bottom: 0px !important;}\u00bb content_es_es=\u00bbRGVzY3VicmElMjBsYSUyMGV4cGVyaWVuY2lhJTIwZ2FzdHJvbiVDMyVCM21pY2ElMjBkZSUyMGZ1c2klQzMlQjNuJTIwY2hpbmElMjBkZSUyMEliaXphJTIwdWJpY2FkYSUyMGVuJTIwdW4lMjBqYXJkJUMzJUFEbiUyMG9yaWVudGFsJTIwc2VjcmV0byUyMGVuJTIwU2FuJTIwQW50b25pby4lMEElMEFEZWwlQzMlQTlpdGVzZSUyMGNvbiUyMHVuJTIwbWVuJUMzJUJBJTIwaW5zcGlyYWRvJTIwZW4lMjBzYWJvcmVzJTIwb3JpZW50YWxlcyUyMHRyYWRpY2lvbmFsZXMlMjBmdXNpb25hZG9zJTIwY29uJTIwdG9xdWVzJTIwY29udGVtcG9yJUMzJUExbmVvcyUyMHF1ZSUyMGluY2x1eWVuJTIwcGF0byUyMHkuLi4lMjBEaW0lMjBTdW0lMjBkZSUyMFRydWZhJTJDJTIwQmFvJTIwZGUlMjBDZXJkbyUyMEliJUMzJUE5cmljbyUyMHklMjBMYW5nb3N0aW5vcyUyMGFsJTIwV2FzYWJpJTIwY29uJTIwTWFuZ28u\u00bb]Discover Ibiza\u2019s Chinese Fusion Dining Experience set within a secret oriental garden in San Antonio.<\/p>\n<p>Indulge in an inspired menu of traditional eastern flavours fused with contemporary touches including Duck &amp; Truffle Dim Sum, Iberico Pork Bao and Wasabi Prawns with Mango.[\/vc_column_text][\/vc_column_inner][vc_column_inner width=\u00bb1\/2&#8243;][vc_column_text css=\u00bb.vc_custom_1740377391146{margin-bottom: 0px !important;}\u00bb content_es_es=\u00bbQ29tcGxldGUlMjBzdSUyMGV4cGVyaWVuY2lhJTIwY29uJTIwdW5vJTIwZGUlMjBudWVzdHJvcyUyMGMlQzMlQjNjdGVsZXMlMjBlY2wlQzMlQTljdGljb3MlMjBxdWUlMjBoYW4lMjBzaWRvJTIwZGlzZSVDMyVCMWFkb3MlMjBwYXJhJTIwY29tcGxlbWVudGFyJTIwZWwlMjBlc3RpbG8lMjBtb2Rlcm5vJTIwZGUlMjBjb21pZGElMjBjaGluYSUyMGRlJTIwQ2hpJTIwS2VlJTIwV3VuLg==\u00bb]Complete your experience with one of our eclectic cocktails which have been designed to complement Chi Kee Wun\u2019s modern style of Chinese dining.[\/vc_column_text][\/vc_column_inner][\/vc_row_inner][\/vc_column][\/vc_row][\/vc_section][vc_section full_width=\u00bbstretch_row\u00bb el_class=\u00bbh_menu\u00bb css=\u00bb.vc_custom_1740133874099{padding-top: 75px !important;padding-bottom: 85px !important;background-color: #0E0E0E !important;}\u00bb el_id=\u00bbmenus\u00bb][vc_row full_width=\u00bbstretch_row_content_no_spaces\u00bb el_class=\u00bbh_menu_inner\u00bb][vc_column][vc_custom_heading text=\u00bb{lang en_US} Our<br \/>\nMenus {\/lang}{lang es_ES} Nuestros<br \/>\nMen\u00fas {\/lang}\u00bb use_theme_fonts=\u00bbyes\u00bb css=\u00bb\u00bb el_class=\u00bbh_menu_title one\u00bb el_falang_fake=\u00bb\u00bb][vc_row_inner el_class=\u00bbh_menu_m\u00bb][vc_column_inner width=\u00bb1\/3&#8243;][vc_single_image image=\u00bb819&#8243; img_size=\u00bbfull\u00bb onclick=\u00bbcustom_link\u00bb img_link_target=\u00bb_blank\u00bb css=\u00bb.vc_custom_1754583395915{margin-bottom: 0px !important;}\u00bb title=\u00bb\u00c0 La Carte\u00bb link=\u00bbhttps:\/\/chikeewun.com\/wp-content\/uploads\/2025\/05\/001-001-Food-Menu_digital.pdf\u00bb][\/vc_column_inner][vc_column_inner width=\u00bb1\/3&#8243;][vc_single_image image=\u00bb818&#8243; img_size=\u00bbfull\u00bb onclick=\u00bbcustom_link\u00bb img_link_target=\u00bb_blank\u00bb css=\u00bb.vc_custom_1754583403564{margin-bottom: 0px !important;}\u00bb title=\u00bbDrinks\u00bb link=\u00bbhttps:\/\/chikeewun.com\/wp-content\/uploads\/2025\/05\/001-001-Drink-Menu_A5_digital.pdf\u00bb][\/vc_column_inner][vc_column_inner width=\u00bb1\/3&#8243;][vc_single_image image=\u00bb817&#8243; img_size=\u00bbfull\u00bb onclick=\u00bbcustom_link\u00bb img_link_target=\u00bb_blank\u00bb css=\u00bb.vc_custom_1754583413395{margin-bottom: 0px !important;}\u00bb title=\u00bbMID WEEK TASTING MENU\u00bb link=\u00bbhttps:\/\/chikeewun.com\/wp-content\/uploads\/2025\/08\/001-001-Chi-Kee-Little-Wun_digital.pdf\u00bb][\/vc_column_inner][\/vc_row_inner][\/vc_column][\/vc_row][\/vc_section][vc_section full_width=\u00bbstretch_row\u00bb el_class=\u00bbh_restaurant\u00bb css=\u00bb.vc_custom_1740027278071{padding-top: 90px !important;padding-bottom: 90px !important;}\u00bb][vc_row full_width=\u00bbstretch_row_content_no_spaces\u00bb el_class=\u00bbh_introduction_inner\u00bb][vc_column][vc_custom_heading text=\u00bb{lang en_US} Restaurant<br \/>\n&amp; Bar {\/lang}{lang es_ES} Restaurante<br \/>\ny bar {\/lang}\u00bb use_theme_fonts=\u00bbyes\u00bb css=\u00bb\u00bb el_class=\u00bbh_restaurant_title one\u00bb][vc_row_inner el_class=\u00bbh_restaurant_m\u00bb][vc_column_inner width=\u00bb1\/2&#8243;][vc_raw_html css=\u00bb.vc_custom_1740111209343{margin-bottom: 0px !important;}\u00bb]JTNDdmlkZW8lMjB3aWR0aCUzRCUyMjEwMCUyNSUyMiUyMGhlaWdodCUzRCUyMjEwMCUyNSUyMiUyMGF1dG9wbGF5JTNEJTIyJTIyJTIwcGxheXNpbmxpbmUlM0QlMjIlMjIlMjBtdXRlZCUzRCUyMiUyMiUyMGxvb3AlM0QlMjIlMjIlM0UlMEElM0Nzb3VyY2UlMjBzcmMlM0QlMjJodHRwcyUzQSUyRiUyRmNoaWtlZXd1bi5jb20lMkZ3cC1jb250ZW50JTJGdXBsb2FkcyUyRjIwMjUlMkYwMiUyRnZpZGVvLTFiLm1wNCUyMiUyMHR5cGUlM0QlMjJ2aWRlbyUyRm1wNCUyMiUzRSUwQSUzQyUyRnZpZGVvJTNF[\/vc_raw_html][\/vc_column_inner][vc_column_inner width=\u00bb1\/2&#8243;][vc_single_image image=\u00bb450&#8243; img_size=\u00bbfull\u00bb css=\u00bb.vc_custom_1740027270567{margin-bottom: 0px !important;}\u00bb el_class=\u00bbh_restaurant_rimg\u00bb][\/vc_column_inner][\/vc_row_inner][\/vc_column][\/vc_row][\/vc_section][vc_row full_width=\u00bbstretch_row\u00bb el_class=\u00bbh_booking_m\u00bb][vc_column][vc_btn title=\u00bbBookings\u00bb align=\u00bbcenter\u00bb css=\u00bb.vc_custom_1768401211583{margin-bottom: 0px !important;}\u00bb title_es_es=\u00bbReservas\u00bb link_es_es=\u00bburl:https%3A%2F%2Fwww.covermanager.com%2Freservation%2Fmodule_restaurant%2Frestaurante-chikeewun%2Fspanish|target:_blank\u00bb el_class=\u00bbtbtn\u00bb link=\u00bburl:https%3A%2F%2Fchikeewun.com%2Fen%2Fbookings%2F|title:Bookings|target:_blank\u00bb][\/vc_column][\/vc_row][vc_section full_width=\u00bbstretch_row\u00bb el_class=\u00bbh_menu\u00bb css=\u00bb.vc_custom_1768400408857{padding-top: 75px !important;padding-bottom: 85px !important;background-color: #0E0E0E !important;}\u00bb el_id=\u00bbGift Cards\u00bb][vc_row full_width=\u00bbstretch_row_content_no_spaces\u00bb el_class=\u00bbh_menu_inner\u00bb][vc_column][vc_custom_heading text=\u00bb{lang en_US} Gift Cards{\/lang}{lang es_ES} Reservas {\/lang}\u00bb use_theme_fonts=\u00bbyes\u00bb css=\u00bb\u00bb el_class=\u00bbh_menu_title one\u00bb el_falang_fake=\u00bb\u00bb][vc_raw_js]JTNDc2NyaXB0JTIwdHlwZSUzRCUyMnRleHQlMkZqYXZhc2NyaXB0JTIyJTIwc3JjJTNEJTIyaHR0cHMlM0ElMkYlMkZ3d3cuY292ZXJtYW5hZ2VyLmNvbSUyRmpzJTJGaWZyYW1lUmVzaXplciUyRmlmcmFtZVJlc2l6ZXIubWluLmpzJTIyJTNFJTNDJTJGc2NyaXB0JTNFJTdCbGFuZyUyMGVzX0VTJTdEJTNDaWZyYW1lJTBBJUMyJUEwJTIwJUMyJUEwJTIwJUMyJUEwJTIwJUMyJUEwJTIwJUMyJUEwJTIwJUMyJUEwJTIwJUMyJUEwJTIwJUMyJUEwJTIwJUMyJUEwJTIwJUMyJUEwJTIwJUMyJUEwJTIwJUMyJUEwJTIwJUMyJUEwJTIwJUMyJUEwJTIwJUMyJUEwJTIwJUMyJUEwJTIwJUMyJUEwJTIwJUMyJUEwJTIwJUMyJUEwJTIwJUMyJUEwJTIwJUMyJUEwJTIwJUMyJUEwJTIwJUMyJUEwJTIwJUMyJUEwJTIwJUMyJUEwJTIwJUMyJUEwJTIwJUMyJUEwJTIwJUMyJUEwJTIwJUMyJUEwJTIwJUMyJUEwJTIwdGl0bGUlM0QlMjJSZXNlcnZhcyUyMiUyMHNyYyUzRCUyMmh0dHBzJTNBJTJGJTJGd3d3LmNvdmVybWFuYWdlci5jb20lMkZlY28lMkZidXlfcHJvZHVjdHMlMkZyZXN0YXVyYW50ZS1jaGlrZWV3dW4lMkZzcGFuaXNoJTIyJTBBJUMyJUEwJTIwJUMyJUEwJTIwJUMyJUEwJTIwJUMyJUEwJTIwJUMyJUEwJTIwJUMyJUEwJTIwJUMyJUEwJTIwJUMyJUEwJTIwJUMyJUEwJTIwJUMyJUEwJTIwJUMyJUEwJTIwJUMyJUEwJTIwJUMyJUEwJTIwJUMyJUEwJTIwJUMyJUEwJTIwJUMyJUEwJTIwJUMyJUEwJTIwJUMyJUEwJTIwJUMyJUEwJTIwJUMyJUEwJTIwJUMyJUEwJTIwJUMyJUEwJTIwJUMyJUEwJTIwJUMyJUEwJTIwJUMyJUEwJTIwJUMyJUEwJTIwJUMyJUEwJTIwJUMyJUEwJTIwJUMyJUEwJTIwJUMyJUEwJTIwYWxsb3clM0QlMjJwYXltZW50JTIyJTIwZnJhbWVib3JkZXIlM0QlMjIwJTIyJTIwaGVpZ2h0JTNEJTIyNTUwJTIyJTIwd2lkdGglM0QlMjIxMDAlMjUlMjIlMjBvbmxvYWQlM0QlMjJpRnJhbWVSZXNpemUlMjglMjklM0IlMjIlM0UlM0MlMkZpZnJhbWUlM0UlMjAlN0IlMkZsYW5nJTdEJTBBJTBBJTdCbGFuZyUyMGVuX1VTJTdEJTdEJTNDaWZyYW1lJTBBJUMyJUEwJTIwJUMyJUEwJTIwJUMyJUEwJTIwJUMyJUEwJTIwJUMyJUEwJTIwJUMyJUEwJTIwJUMyJUEwJTIwJUMyJUEwJTIwJUMyJUEwJTIwJUMyJUEwJTIwJUMyJUEwJTIwJUMyJUEwJTIwJUMyJUEwJTIwJUMyJUEwJTIwJUMyJUEwJTIwJUMyJUEwJTIwJUMyJUEwJTIwJUMyJUEwJTIwJUMyJUEwJTIwJUMyJUEwJTIwJUMyJUEwJTIwJUMyJUEwJTIwJUMyJUEwJTIwJUMyJUEwJTIwJUMyJUEwJTIwJUMyJUEwJTIwJUMyJUEwJTIwJUMyJUEwJTIwJUMyJUEwJTIwJUMyJUEwJTIwdGl0bGUlM0QlMjJSZXNlcnZhcyUyMiUyMHNyYyUzRCUyMmh0dHBzJTNBJTJGJTJGd3d3LmNvdmVybWFuYWdlci5jb20lMkZlY28lMkZidXlfcHJvZHVjdHMlMkZyZXN0YXVyYW50ZS1jaGlrZWV3dW4lMkZlbmdsaXNoJTIyJTBBJUMyJUEwJTIwJUMyJUEwJTIwJUMyJUEwJTIwJUMyJUEwJTIwJUMyJUEwJTIwJUMyJUEwJTIwJUMyJUEwJTIwJUMyJUEwJTIwJUMyJUEwJTIwJUMyJUEwJTIwJUMyJUEwJTIwJUMyJUEwJTIwJUMyJUEwJTIwJUMyJUEwJTIwJUMyJUEwJTIwJUMyJUEwJTIwJUMyJUEwJTIwJUMyJUEwJTIwJUMyJUEwJTIwJUMyJUEwJTIwJUMyJUEwJTIwJUMyJUEwJTIwJUMyJUEwJTIwJUMyJUEwJTIwJUMyJUEwJTIwJUMyJUEwJTIwJUMyJUEwJTIwJUMyJUEwJTIwJUMyJUEwJTIwJUMyJUEwJTIwYWxsb3clM0QlMjJwYXltZW50JTIyJTIwZnJhbWVib3JkZXIlM0QlMjIwJTIyJTIwaGVpZ2h0JTNEJTIyNTUwJTIyJTIwd2lkdGglM0QlMjIxMDAlMjUlMjIlMjBvbmxvYWQlM0QlMjJpRnJhbWVSZXNpemUlMjglMjklM0IlMjIlM0UlM0MlMkZpZnJhbWUlM0UlMjAlN0IlMkZsYW5nJTdE[\/vc_raw_js][\/vc_column][\/vc_row][\/vc_section][vc_section full_width=\u00bbstretch_row\u00bb el_class=\u00bbh_booking\u00bb][\/vc_section]<\/p>\n<\/div>","protected":false},"excerpt":{"rendered":"<p>[vc_section full_width=\u00bbstretch_row\u00bb el_class=\u00bbh_hero\u00bb][vc_row full_width=\u00bbstretch_row\u00bb el_class=\u00bbh_hero_title\u00bb][vc_column][vc_custom_heading text=\u00bb{lang en_US} Modern Chinese cuisine &amp; cocktails served in an intimate garden {\/lang}{lang es_ES} Cocina china moderna y c\u00f3cteles servidos en un jard\u00edn \u00edntimo {\/lang}\u00bb font_container=\u00bbtag:h1|text_align:left\u00bb use_theme_fonts=\u00bbyes\u00bb css=\u00bb\u00bb el_class=\u00bbone\u00bb][vc_btn title=\u00bbBookings\u00bb css=\u00bb.vc_custom_1747223680302{margin-bottom: 0px !important;}\u00bb title_es_es=\u00bbReservas\u00bb link_es_es=\u00bburl:https%3A%2F%2Fwww.covermanager.com%2Freservation%2Fmodule_restaurant%2Frestaurante-chikeewun%2Fspanish|target:_blank\u00bb el_class=\u00bbtbtn\u00bb link=\u00bburl:https%3A%2F%2Fchikeewun.com%2Fen%2Fbookings%2F|title:Bookings|target:_blank\u00bb][\/vc_column][\/vc_row][vc_row full_width=\u00bbstretch_row\u00bb el_class=\u00bbh_hero_main\u00bb][vc_column][vc_column_text css=\u00bb.vc_custom_1739967850424{margin-bottom: 0px !important;}\u00bb][\/vc_column_text][\/vc_column][\/vc_row][\/vc_section][vc_section full_width=\u00bbstretch_row\u00bb el_class=\u00bbh_introduction\u00bb css=\u00bb.vc_custom_1740133853023{padding-top: 90px !important;padding-bottom: 110px !important;}\u00bb el_id=\u00bbintroduction\u00bb][vc_row&hellip; <a class=\"more-link\" href=\"https:\/\/chikeewun.com\/es\/\">Continue reading <span class=\"screen-reader-text\">Home 2<\/span><\/a><\/p>\n","protected":false},"author":1,"featured_media":0,"parent":0,"menu_order":0,"comment_status":"closed","ping_status":"closed","template":"","meta":{"_acf_changed":false,"footnotes":""},"class_list":["post-829","page","type-page","status-publish","hentry","entry"],"acf":[],"_links":{"self":[{"href":"https:\/\/chikeewun.com\/es\/wp-json\/wp\/v2\/pages\/829","targetHints":{"allow":["GET"]}}],"collection":[{"href":"https:\/\/chikeewun.com\/es\/wp-json\/wp\/v2\/pages"}],"about":[{"href":"https:\/\/chikeewun.com\/es\/wp-json\/wp\/v2\/types\/page"}],"author":[{"embeddable":true,"href":"https:\/\/chikeewun.com\/es\/wp-json\/wp\/v2\/users\/1"}],"replies":[{"embeddable":true,"href":"https:\/\/chikeewun.com\/es\/wp-json\/wp\/v2\/comments?post=829"}],"version-history":[{"count":15,"href":"https:\/\/chikeewun.com\/es\/wp-json\/wp\/v2\/pages\/829\/revisions"}],"predecessor-version":[{"id":851,"href":"https:\/\/chikeewun.com\/es\/wp-json\/wp\/v2\/pages\/829\/revisions\/851"}],"wp:attachment":[{"href":"https:\/\/chikeewun.com\/es\/wp-json\/wp\/v2\/media?parent=829"}],"curies":[{"name":"wp","href":"https:\/\/api.w.org\/{rel}","templated":true}]}}